{"id":61,"date":"2021-11-29T21:09:54","date_gmt":"2021-11-29T21:09:54","guid":{"rendered":"https:\/\/tenerifeentaxi.es\/?page_id=61"},"modified":"2024-03-16T15:13:26","modified_gmt":"2024-03-16T15:13:26","slug":"servicios-de-taxis","status":"publish","type":"page","link":"https:\/\/tenerifeentaxi.es\/Taxi-Santa-Cruz\/servicios-de-taxis\/","title":{"rendered":"Servicios"},"content":{"rendered":"\n<h1 class=\"wp-block-heading has-text-align-center\" style=\"font-size:38px\"><strong>Servicios de Taxis<\/strong><\/h1>\n\n\n\n<div style=\"height:78px\" aria-hidden=\"true\" class=\"wp-block-spacer\"><\/div>\n\n\n\n<h2 class=\"wp-block-heading has-medium-font-size\"><strong>Le ofrecemos el mejor servicio de taxis&#8230;<\/strong><\/h2>\n\n\n\n<div style=\"height:18px\" aria-hidden=\"true\" class=\"wp-block-spacer\"><\/div>\n\n\n\n<h3 class=\"wp-block-heading\">Veh\u00edculos con Aire Acondicionado.<\/h3>\n\n\n\n<h3 class=\"wp-block-heading\">Aceptamos pagos con tarjetas Visa, Master, American Express, Bizum<\/h3>\n\n\n\n<h3 class=\"wp-block-heading\"><strong><a href=\"https:\/\/tenerifeentaxi.es\/Taxi-Santa-Cruz\/reservas\/\" target=\"_blank\" rel=\"noreferrer noopener\">Servicio de reservas al Aeropuerto<\/a><\/strong><\/h3>\n\n\n\n<h3 class=\"wp-block-heading\">Rutas Tur\u00edsticas por la isla.<\/h3>\n\n\n\n<h3 class=\"wp-block-heading\">Free Wifi<\/h3>\n\n\n\n<h3 class=\"wp-block-heading\">Conductor con idiomas (ingl\u00e9s, alem\u00e1n, italiano, Frances).<\/h3>\n\n\n\n<h3 class=\"wp-block-heading\">Servicio de recogida en Puerto de Santa Cruz ( Cruceros, Fred Olsen, Naviera Armas )<\/h3>\n\n\n\n<div style=\"height:141px\" aria-hidden=\"true\" class=\"wp-block-spacer\"><\/div>\n\n\n\n<p style=\"font-size:17px\"><strong>Visita nuestras Redes Sociales para enterarte de promociones y lugares de inter\u00e9s de la isla<\/strong><\/p>\n\n\n\n<div class=\"wp-block-columns is-layout-flex wp-container-core-columns-is-layout-9d6595d7 wp-block-columns-is-layout-flex\">\n<div class=\"wp-block-column is-layout-flow wp-block-column-is-layout-flow\">\n<figure class=\"wp-block-image size-full is-resized\"><a href=\"https:\/\/www.instagram.com\/tenerifeentaxi\/\"><img loading=\"lazy\" decoding=\"async\" src=\"https:\/\/tenerifeentaxi.es\/wp-content\/uploads\/2022\/08\/Instagram2.png\" alt=\"Instagram Tenerife en Taxi\" class=\"wp-image-656\" width=\"78\" height=\"78\" srcset=\"https:\/\/tenerifeentaxi.es\/wp-content\/uploads\/2022\/08\/Instagram2.png 400w, https:\/\/tenerifeentaxi.es\/wp-content\/uploads\/2022\/08\/Instagram2-300x300.png 300w, https:\/\/tenerifeentaxi.es\/wp-content\/uploads\/2022\/08\/Instagram2-150x150.png 150w\" sizes=\"auto, (max-width: 78px) 100vw, 78px\" \/><\/a><\/figure>\n<\/div>\n\n\n\n<div class=\"wp-block-column is-layout-flow wp-block-column-is-layout-flow\">\n<figure class=\"wp-block-image size-full is-resized\"><a href=\"https:\/\/www.facebook.com\/Tenerifeentaxi\"><img loading=\"lazy\" decoding=\"async\" src=\"https:\/\/tenerifeentaxi.es\/wp-content\/uploads\/2022\/08\/Facebook-1.jpg\" alt=\"Facebook Tenerife en Taxi\" class=\"wp-image-655\" width=\"78\" height=\"78\" srcset=\"https:\/\/tenerifeentaxi.es\/wp-content\/uploads\/2022\/08\/Facebook-1.jpg 512w, https:\/\/tenerifeentaxi.es\/wp-content\/uploads\/2022\/08\/Facebook-1-300x300.jpg 300w, https:\/\/tenerifeentaxi.es\/wp-content\/uploads\/2022\/08\/Facebook-1-150x150.jpg 150w\" sizes=\"auto, (max-width: 78px) 100vw, 78px\" \/><\/a><\/figure>\n<\/div>\n\n\n\n<div class=\"wp-block-column is-layout-flow wp-block-column-is-layout-flow\"><\/div>\n\n\n\n<div class=\"wp-block-column is-layout-flow wp-block-column-is-layout-flow\"><\/div>\n\n\n\n<div class=\"wp-block-column is-layout-flow wp-block-column-is-layout-flow\"><\/div>\n<\/div>\n","protected":false},"excerpt":{"rendered":"<p>Servicios de Taxis Le ofrecemos el mejor servicio de taxis&#8230; Veh\u00edculos con Aire Acondicionado. Aceptamos pagos con tarjetas Visa, Master, American Express, Bizum Servicio de reservas al Aeropuerto Rutas Tur\u00edsticas por la isla. Free Wifi Conductor con idiomas (ingl\u00e9s, alem\u00e1n, italiano, Frances). Servicio de recogida en Puerto de Santa Cruz ( Cruceros, Fred Olsen, Naviera [&hellip;]<\/p>\n","protected":false},"author":1,"featured_media":0,"parent":0,"menu_order":0,"comment_status":"closed","ping_status":"closed","template":"","meta":{"_monsterinsights_skip_tracking":false,"_monsterinsights_sitenote_active":false,"_monsterinsights_sitenote_note":"","_monsterinsights_sitenote_category":0,"two_page_speed":null,"footnotes":""},"class_list":["post-61","page","type-page","status-publish","hentry"],"yoast_head":"<!-- This site is optimized with the Yoast SEO plugin v27.1.1 - https:\/\/yoast.com\/product\/yoast-seo-wordpress\/ -->\n<title>Servicios - Tenerife en Taxi<\/title>\n<meta name=\"description\" content=\"Servicio de Taxis a Puertos y Aeropuertos de la isla desde Santa Cruz de Tenerife, Rutas Tur\u00edsticas por toda la isla.\" \/>\n<meta name=\"robots\" content=\"index, follow, max-snippet:-1, max-image-preview:large, max-video-preview:-1\" \/>\n<link rel=\"canonical\" href=\"https:\/\/tenerifeentaxi.es\/Taxi-Santa-Cruz\/servicios-de-taxis\/\" \/>\n<meta property=\"og:locale\" content=\"es_ES\" \/>\n<meta property=\"og:type\" content=\"article\" \/>\n<meta property=\"og:title\" content=\"Servicios - Tenerife en Taxi\" \/>\n<meta property=\"og:description\" content=\"Servicio de Taxis a Puertos y Aeropuertos de la isla desde Santa Cruz de Tenerife, Rutas Tur\u00edsticas por toda la isla.\" \/>\n<meta property=\"og:url\" content=\"https:\/\/tenerifeentaxi.es\/Taxi-Santa-Cruz\/servicios-de-taxis\/\" \/>\n<meta property=\"og:site_name\" content=\"Tenerife en Taxi\" \/>\n<meta property=\"article:publisher\" content=\"https:\/\/www.facebook.com\/Tenerifeentaxi\" \/>\n<meta property=\"article:modified_time\" content=\"2024-03-16T15:13:26+00:00\" \/>\n<meta property=\"og:image\" content=\"https:\/\/tenerifeentaxi.es\/wp-content\/uploads\/2022\/08\/Instagram2.png\" \/>\n<meta name=\"twitter:card\" content=\"summary_large_image\" \/>\n<meta name=\"twitter:site\" content=\"@Tenerifeentaxi\" \/>\n<meta name=\"twitter:label1\" content=\"Tiempo de lectura\" \/>\n\t<meta name=\"twitter:data1\" content=\"1 minuto\" \/>\n<script type=\"application\/ld+json\" class=\"yoast-schema-graph\">{\"@context\":\"https:\/\/schema.org\",\"@graph\":[{\"@type\":\"WebPage\",\"@id\":\"https:\/\/tenerifeentaxi.es\/Taxi-Santa-Cruz\/servicios-de-taxis\/\",\"url\":\"https:\/\/tenerifeentaxi.es\/Taxi-Santa-Cruz\/servicios-de-taxis\/\",\"name\":\"Servicios - Tenerife en Taxi\",\"isPartOf\":{\"@id\":\"https:\/\/tenerifeentaxi.es\/Taxi-Santa-Cruz\/#website\"},\"primaryImageOfPage\":{\"@id\":\"https:\/\/tenerifeentaxi.es\/Taxi-Santa-Cruz\/servicios-de-taxis\/#primaryimage\"},\"image\":{\"@id\":\"https:\/\/tenerifeentaxi.es\/Taxi-Santa-Cruz\/servicios-de-taxis\/#primaryimage\"},\"thumbnailUrl\":\"https:\/\/tenerifeentaxi.es\/wp-content\/uploads\/2022\/08\/Instagram2.png\",\"datePublished\":\"2021-11-29T21:09:54+00:00\",\"dateModified\":\"2024-03-16T15:13:26+00:00\",\"description\":\"Servicio de Taxis a Puertos y Aeropuertos de la isla desde Santa Cruz de Tenerife, Rutas Tur\u00edsticas por toda la isla.\",\"breadcrumb\":{\"@id\":\"https:\/\/tenerifeentaxi.es\/Taxi-Santa-Cruz\/servicios-de-taxis\/#breadcrumb\"},\"inLanguage\":\"es\",\"potentialAction\":[{\"@type\":\"ReadAction\",\"target\":[\"https:\/\/tenerifeentaxi.es\/Taxi-Santa-Cruz\/servicios-de-taxis\/\"]}]},{\"@type\":\"ImageObject\",\"inLanguage\":\"es\",\"@id\":\"https:\/\/tenerifeentaxi.es\/Taxi-Santa-Cruz\/servicios-de-taxis\/#primaryimage\",\"url\":\"https:\/\/tenerifeentaxi.es\/wp-content\/uploads\/2022\/08\/Instagram2.png\",\"contentUrl\":\"https:\/\/tenerifeentaxi.es\/wp-content\/uploads\/2022\/08\/Instagram2.png\"},{\"@type\":\"BreadcrumbList\",\"@id\":\"https:\/\/tenerifeentaxi.es\/Taxi-Santa-Cruz\/servicios-de-taxis\/#breadcrumb\",\"itemListElement\":[{\"@type\":\"ListItem\",\"position\":1,\"name\":\"Portada\",\"item\":\"https:\/\/tenerifeentaxi.es\/Taxi-Santa-Cruz\/\"},{\"@type\":\"ListItem\",\"position\":2,\"name\":\"Servicios\"}]},{\"@type\":\"WebSite\",\"@id\":\"https:\/\/tenerifeentaxi.es\/Taxi-Santa-Cruz\/#website\",\"url\":\"https:\/\/tenerifeentaxi.es\/Taxi-Santa-Cruz\/\",\"name\":\"Tenerife en Taxi\",\"description\":\"Servicio de Taxi en Santa Cruz de Tenerife\",\"publisher\":{\"@id\":\"https:\/\/tenerifeentaxi.es\/Taxi-Santa-Cruz\/#organization\"},\"potentialAction\":[{\"@type\":\"SearchAction\",\"target\":{\"@type\":\"EntryPoint\",\"urlTemplate\":\"https:\/\/tenerifeentaxi.es\/Taxi-Santa-Cruz\/?s={search_term_string}\"},\"query-input\":{\"@type\":\"PropertyValueSpecification\",\"valueRequired\":true,\"valueName\":\"search_term_string\"}}],\"inLanguage\":\"es\"},{\"@type\":\"Organization\",\"@id\":\"https:\/\/tenerifeentaxi.es\/Taxi-Santa-Cruz\/#organization\",\"name\":\"Tenerife en Taxi\",\"url\":\"https:\/\/tenerifeentaxi.es\/Taxi-Santa-Cruz\/\",\"logo\":{\"@type\":\"ImageObject\",\"inLanguage\":\"es\",\"@id\":\"https:\/\/tenerifeentaxi.es\/Taxi-Santa-Cruz\/#\/schema\/logo\/image\/\",\"url\":\"https:\/\/tenerifeentaxi.es\/wp-content\/uploads\/2021\/11\/Logo2.jpg\",\"contentUrl\":\"https:\/\/tenerifeentaxi.es\/wp-content\/uploads\/2021\/11\/Logo2.jpg\",\"width\":401,\"height\":402,\"caption\":\"Tenerife en Taxi\"},\"image\":{\"@id\":\"https:\/\/tenerifeentaxi.es\/Taxi-Santa-Cruz\/#\/schema\/logo\/image\/\"},\"sameAs\":[\"https:\/\/www.facebook.com\/Tenerifeentaxi\",\"https:\/\/x.com\/Tenerifeentaxi\",\"https:\/\/www.instagram.com\/tenerifeentaxi\/\"]}]}<\/script>\n<!-- \/ Yoast SEO plugin. -->","yoast_head_json":{"title":"Servicios - Tenerife en Taxi","description":"Servicio de Taxis a Puertos y Aeropuertos de la isla desde Santa Cruz de Tenerife, Rutas Tur\u00edsticas por toda la isla.","robots":{"index":"index","follow":"follow","max-snippet":"max-snippet:-1","max-image-preview":"max-image-preview:large","max-video-preview":"max-video-preview:-1"},"canonical":"https:\/\/tenerifeentaxi.es\/Taxi-Santa-Cruz\/servicios-de-taxis\/","og_locale":"es_ES","og_type":"article","og_title":"Servicios - Tenerife en Taxi","og_description":"Servicio de Taxis a Puertos y Aeropuertos de la isla desde Santa Cruz de Tenerife, Rutas Tur\u00edsticas por toda la isla.","og_url":"https:\/\/tenerifeentaxi.es\/Taxi-Santa-Cruz\/servicios-de-taxis\/","og_site_name":"Tenerife en Taxi","article_publisher":"https:\/\/www.facebook.com\/Tenerifeentaxi","article_modified_time":"2024-03-16T15:13:26+00:00","og_image":[{"url":"https:\/\/tenerifeentaxi.es\/wp-content\/uploads\/2022\/08\/Instagram2.png","type":"","width":"","height":""}],"twitter_card":"summary_large_image","twitter_site":"@Tenerifeentaxi","twitter_misc":{"Tiempo de lectura":"1 minuto"},"schema":{"@context":"https:\/\/schema.org","@graph":[{"@type":"WebPage","@id":"https:\/\/tenerifeentaxi.es\/Taxi-Santa-Cruz\/servicios-de-taxis\/","url":"https:\/\/tenerifeentaxi.es\/Taxi-Santa-Cruz\/servicios-de-taxis\/","name":"Servicios - Tenerife en Taxi","isPartOf":{"@id":"https:\/\/tenerifeentaxi.es\/Taxi-Santa-Cruz\/#website"},"primaryImageOfPage":{"@id":"https:\/\/tenerifeentaxi.es\/Taxi-Santa-Cruz\/servicios-de-taxis\/#primaryimage"},"image":{"@id":"https:\/\/tenerifeentaxi.es\/Taxi-Santa-Cruz\/servicios-de-taxis\/#primaryimage"},"thumbnailUrl":"https:\/\/tenerifeentaxi.es\/wp-content\/uploads\/2022\/08\/Instagram2.png","datePublished":"2021-11-29T21:09:54+00:00","dateModified":"2024-03-16T15:13:26+00:00","description":"Servicio de Taxis a Puertos y Aeropuertos de la isla desde Santa Cruz de Tenerife, Rutas Tur\u00edsticas por toda la isla.","breadcrumb":{"@id":"https:\/\/tenerifeentaxi.es\/Taxi-Santa-Cruz\/servicios-de-taxis\/#breadcrumb"},"inLanguage":"es","potentialAction":[{"@type":"ReadAction","target":["https:\/\/tenerifeentaxi.es\/Taxi-Santa-Cruz\/servicios-de-taxis\/"]}]},{"@type":"ImageObject","inLanguage":"es","@id":"https:\/\/tenerifeentaxi.es\/Taxi-Santa-Cruz\/servicios-de-taxis\/#primaryimage","url":"https:\/\/tenerifeentaxi.es\/wp-content\/uploads\/2022\/08\/Instagram2.png","contentUrl":"https:\/\/tenerifeentaxi.es\/wp-content\/uploads\/2022\/08\/Instagram2.png"},{"@type":"BreadcrumbList","@id":"https:\/\/tenerifeentaxi.es\/Taxi-Santa-Cruz\/servicios-de-taxis\/#breadcrumb","itemListElement":[{"@type":"ListItem","position":1,"name":"Portada","item":"https:\/\/tenerifeentaxi.es\/Taxi-Santa-Cruz\/"},{"@type":"ListItem","position":2,"name":"Servicios"}]},{"@type":"WebSite","@id":"https:\/\/tenerifeentaxi.es\/Taxi-Santa-Cruz\/#website","url":"https:\/\/tenerifeentaxi.es\/Taxi-Santa-Cruz\/","name":"Tenerife en Taxi","description":"Servicio de Taxi en Santa Cruz de Tenerife","publisher":{"@id":"https:\/\/tenerifeentaxi.es\/Taxi-Santa-Cruz\/#organization"},"potentialAction":[{"@type":"SearchAction","target":{"@type":"EntryPoint","urlTemplate":"https:\/\/tenerifeentaxi.es\/Taxi-Santa-Cruz\/?s={search_term_string}"},"query-input":{"@type":"PropertyValueSpecification","valueRequired":true,"valueName":"search_term_string"}}],"inLanguage":"es"},{"@type":"Organization","@id":"https:\/\/tenerifeentaxi.es\/Taxi-Santa-Cruz\/#organization","name":"Tenerife en Taxi","url":"https:\/\/tenerifeentaxi.es\/Taxi-Santa-Cruz\/","logo":{"@type":"ImageObject","inLanguage":"es","@id":"https:\/\/tenerifeentaxi.es\/Taxi-Santa-Cruz\/#\/schema\/logo\/image\/","url":"https:\/\/tenerifeentaxi.es\/wp-content\/uploads\/2021\/11\/Logo2.jpg","contentUrl":"https:\/\/tenerifeentaxi.es\/wp-content\/uploads\/2021\/11\/Logo2.jpg","width":401,"height":402,"caption":"Tenerife en Taxi"},"image":{"@id":"https:\/\/tenerifeentaxi.es\/Taxi-Santa-Cruz\/#\/schema\/logo\/image\/"},"sameAs":["https:\/\/www.facebook.com\/Tenerifeentaxi","https:\/\/x.com\/Tenerifeentaxi","https:\/\/www.instagram.com\/tenerifeentaxi\/"]}]}},"_links":{"self":[{"href":"https:\/\/tenerifeentaxi.es\/Taxi-Santa-Cruz\/wp-json\/wp\/v2\/pages\/61","targetHints":{"allow":["GET"]}}],"collection":[{"href":"https:\/\/tenerifeentaxi.es\/Taxi-Santa-Cruz\/wp-json\/wp\/v2\/pages"}],"about":[{"href":"https:\/\/tenerifeentaxi.es\/Taxi-Santa-Cruz\/wp-json\/wp\/v2\/types\/page"}],"author":[{"embeddable":true,"href":"https:\/\/tenerifeentaxi.es\/Taxi-Santa-Cruz\/wp-json\/wp\/v2\/users\/1"}],"replies":[{"embeddable":true,"href":"https:\/\/tenerifeentaxi.es\/Taxi-Santa-Cruz\/wp-json\/wp\/v2\/comments?post=61"}],"version-history":[{"count":8,"href":"https:\/\/tenerifeentaxi.es\/Taxi-Santa-Cruz\/wp-json\/wp\/v2\/pages\/61\/revisions"}],"predecessor-version":[{"id":750,"href":"https:\/\/tenerifeentaxi.es\/Taxi-Santa-Cruz\/wp-json\/wp\/v2\/pages\/61\/revisions\/750"}],"wp:attachment":[{"href":"https:\/\/tenerifeentaxi.es\/Taxi-Santa-Cruz\/wp-json\/wp\/v2\/media?parent=61"}],"curies":[{"name":"wp","href":"https:\/\/api.w.org\/{rel}","templated":true}]}}